{"id":1810,"date":"2021-08-08T09:42:16","date_gmt":"2021-08-08T09:42:16","guid":{"rendered":"https:\/\/villadepanne.be\/?page_id=1810"},"modified":"2021-08-08T09:42:16","modified_gmt":"2021-08-08T09:42:16","slug":"home","status":"publish","type":"page","link":"https:\/\/villadepanne.be\/?page_id=1810&lang=fr","title":{"rendered":"Acceuil"},"content":{"rendered":"<div id=\"pl-1810\"  class=\"panel-layout\" ><div id=\"pg-1810-0\"  class=\"panel-grid panel-has-style\" ><div class=\"siteorigin-panels-stretch panel-row-style panel-row-style-for-1810-0\" data-stretch-type=\"full-stretched\" ><div id=\"pgc-1810-0-0\"  class=\"panel-grid-cell\" ><div id=\"panel-1810-0-0-0\" class=\"so-panel widget widget_sow-hero panel-first-child panel-last-child\" data-index=\"0\" ><div\n\t\t\t\n\t\t\tclass=\"so-widget-sow-hero so-widget-sow-hero-default-30b90557d14f-1810 so-widget-fittext-wrapper\"\n\t\t\t data-fit-text-compressor=\"0.75\"\n\t\t>\t\t\t\t<div class=\"sow-slider-base\" style=\"display: none\" tabindex=\"0\">\n\t\t\t\t\t<ul\n\t\t\t\t\tclass=\"sow-slider-images\"\n\t\t\t\t\tdata-settings=\"{&quot;pagination&quot;:true,&quot;speed&quot;:800,&quot;timeout&quot;:8000,&quot;paused&quot;:false,&quot;pause_on_hover&quot;:false,&quot;swipe&quot;:false,&quot;nav_always_show_desktop&quot;:&quot;&quot;,&quot;nav_always_show_mobile&quot;:&quot;&quot;,&quot;breakpoint&quot;:&quot;780px&quot;,&quot;unmute&quot;:false,&quot;anchor&quot;:null}\"\n\t\t\t\t\tstyle=\"min-height: 250px\"\t\t\t\t\tdata-anchor-id=\"\"\n\t\t\t\t>\t\t<li class=\"sow-slider-image  sow-slider-image-cover\" style=\"visibility: visible;;background-color: #ffffff;background-image: url(https:\/\/villadepanne.be\/wp-content\/uploads\/2021\/06\/shutterstock_1970943629-scaled-1.jpg)\" >\n\t\t\t\t\t<div class=\"sow-slider-image-container\">\n\t\t\t<div class=\"sow-slider-image-wrapper\">\n\t\t\t\t\t\t\t<\/div>\n\t\t<\/div>\n\t\t\t\t<\/li>\n\t\t<\/ul>\t\t\t\t<ol class=\"sow-slider-pagination\">\n\t\t\t\t\t\t\t\t\t\t\t<li><a href=\"#\" data-goto=\"0\" aria-label=\"toon slide 1\"><\/a><\/li>\n\t\t\t\t\t\t\t\t\t<\/ol>\n\n\t\t\t\t<div class=\"sow-slide-nav sow-slide-nav-next\">\n\t\t\t\t\t<a href=\"#\" data-goto=\"next\" aria-label=\"volgende slide\" data-action=\"next\">\n\t\t\t\t\t\t<em class=\"sow-sld-icon-thin-right\"><\/em>\n\t\t\t\t\t<\/a>\n\t\t\t\t<\/div>\n\n\t\t\t\t<div class=\"sow-slide-nav sow-slide-nav-prev\">\n\t\t\t\t\t<a href=\"#\" data-goto=\"previous\" aria-label=\"vorige slide\" data-action=\"prev\">\n\t\t\t\t\t\t<em class=\"sow-sld-icon-thin-left\"><\/em>\n\t\t\t\t\t<\/a>\n\t\t\t\t<\/div>\n\t\t\t\t<\/div><\/div><\/div><\/div><\/div><\/div><div id=\"pg-1810-1\"  class=\"panel-grid panel-has-style\" ><div class=\"siteorigin-panels-stretch panel-row-style panel-row-style-for-1810-1\" data-stretch-type=\"full-stretched\" ><div id=\"pgc-1810-1-0\"  class=\"panel-grid-cell panel-grid-cell-empty\" ><\/div><div id=\"pgc-1810-1-1\"  class=\"panel-grid-cell\" ><div id=\"panel-1810-1-1-0\" class=\"so-panel widget widget_sow-button panel-first-child panel-last-child\" data-index=\"1\" ><div class=\"panel-widget-style panel-widget-style-for-1810-1-1-0\" ><div\n\t\t\t\n\t\t\tclass=\"so-widget-sow-button so-widget-sow-button-flat-9622804b3eae-1810\"\n\t\t\t\n\t\t><div class=\"ow-button-base ow-button-align-right\">\n\t\t\t<a\n\t\t\t\t\thref=\"https:\/\/villadepanne.be\/\"\n\t\t\t\t\tclass=\"sowb-button ow-icon-placement-left ow-button-hover\" \t>\n\t\t<span>\n\t\t\t<div class=\"sow-icon-image\" style=\"background-image: url(https:\/\/villadepanne.be\/wp-content\/uploads\/2021\/08\/flag-square-250-1-150x150.png)\"><\/div>\n\t\t\tNEDERLANDS\t\t<\/span>\n\t\t\t<\/a>\n\t<\/div>\n<\/div><\/div><\/div><\/div><div id=\"pgc-1810-1-2\"  class=\"panel-grid-cell\" ><div id=\"panel-1810-1-2-0\" class=\"so-panel widget widget_sow-button panel-first-child panel-last-child\" data-index=\"2\" ><div class=\"panel-widget-style panel-widget-style-for-1810-1-2-0\" ><div\n\t\t\t\n\t\t\tclass=\"so-widget-sow-button so-widget-sow-button-flat-9622804b3eae-1810\"\n\t\t\t\n\t\t><div class=\"ow-button-base ow-button-align-right\">\n\t\t\t<a\n\t\t\t\t\thref=\"https:\/\/villadepanne.be\/?page_id=1810&#038;lang=fr\"\n\t\t\t\t\tclass=\"sowb-button ow-icon-placement-left ow-button-hover\" \t>\n\t\t<span>\n\t\t\t<div class=\"sow-icon-image\" style=\"background-image: url(https:\/\/villadepanne.be\/wp-content\/uploads\/2021\/08\/flag-square-251-1-150x150.png)\"><\/div>\n\t\t\tFRAN\u00c7AIS\t\t<\/span>\n\t\t\t<\/a>\n\t<\/div>\n<\/div><\/div><\/div><\/div><\/div><\/div><div id=\"pg-1810-2\"  class=\"panel-grid panel-has-style\" ><div id=\"tourguide\" class=\"panel-row-style panel-row-style-for-1810-2\" ><div id=\"pgc-1810-2-0\"  class=\"panel-grid-cell\" ><div id=\"panel-1810-2-0-0\" class=\"so-panel widget widget_sow-headline panel-first-child panel-last-child\" data-index=\"3\" ><div class=\"panel-widget-style panel-widget-style-for-1810-2-0-0\" ><div\n\t\t\t\n\t\t\tclass=\"so-widget-sow-headline so-widget-sow-headline-default-d6a579a0f39b-1810\"\n\t\t\t\n\t\t><div class=\"sow-headline-container \">\n\t\t\t\t\t\t\t<h1 class=\"sow-headline\">\n\t\t\t\t\t\tVILLA SANDETTIE\t\t\t\t\t\t<\/h1>\n\t\t\t\t\t\t\t\t\t\t\t\t<p class=\"sow-sub-headline\">\n\t\t\t\t\t\tVilla c\u00f4ti\u00e8re r\u00e9nov\u00e9e situ\u00e9e \u00e0 De Panne \u00e0 distance de marche de la mer, le Calmeynbos et la r\u00e9serve naturelle des dunes\t\t\t\t\t\t<\/p>\n\t\t\t\t\t\t<\/div>\n<\/div><\/div><\/div><\/div><\/div><\/div><div id=\"pg-1810-3\"  class=\"panel-grid panel-has-style\" ><div class=\"panel-row-style panel-row-style-for-1810-3\" ><div id=\"pgc-1810-3-0\"  class=\"panel-grid-cell\" ><div id=\"panel-1810-3-0-0\" class=\"so-panel widget widget_sow-button panel-first-child panel-last-child\" data-index=\"4\" ><div class=\"panel-widget-style panel-widget-style-for-1810-3-0-0\" ><div\n\t\t\t\n\t\t\tclass=\"so-widget-sow-button so-widget-sow-button-wire-606283cd7cc5-1810\"\n\t\t\t\n\t\t><div class=\"ow-button-base ow-button-align-center\">\n\t\t\t<a\n\t\t\t\t\thref=\"https:\/\/villadepanne.be\/?page_id=1864&#038;lang=fr\"\n\t\t\t\t\tclass=\"sowb-button ow-icon-placement-left ow-button-hover\" \t>\n\t\t<span>\n\t\t\t\n\t\t\tRESERVE MAINTENANT\t\t<\/span>\n\t\t\t<\/a>\n\t<\/div>\n<\/div><\/div><\/div><\/div><\/div><\/div><div id=\"pg-1810-4\"  class=\"panel-grid panel-has-style\" ><div class=\"siteorigin-panels-stretch panel-row-style panel-row-style-for-1810-4\" id=\"newalbum\" data-stretch-type=\"full-stretched\" ><div id=\"pgc-1810-4-0\"  class=\"panel-grid-cell\" ><div id=\"panel-1810-4-0-0\" class=\"so-panel widget widget_sow-image panel-first-child panel-last-child\" data-index=\"5\" ><div\n\t\t\t\n\t\t\tclass=\"so-widget-sow-image so-widget-sow-image-default-8b5b6f678277-1810\"\n\t\t\t\n\t\t>\n\n<div class=\"sow-image-container\">\n\t\t<img loading=\"lazy\" decoding=\"async\" src=\"https:\/\/villadepanne.be\/wp-content\/uploads\/2021\/06\/32-768x513.jpg\" width=\"768\" height=\"513\" srcset=\"https:\/\/villadepanne.be\/wp-content\/uploads\/2021\/06\/32-768x513.jpg 768w, https:\/\/villadepanne.be\/wp-content\/uploads\/2021\/06\/32-300x200.jpg 300w, https:\/\/villadepanne.be\/wp-content\/uploads\/2021\/06\/32-1024x684.jpg 1024w, https:\/\/villadepanne.be\/wp-content\/uploads\/2021\/06\/32-1536x1025.jpg 1536w, https:\/\/villadepanne.be\/wp-content\/uploads\/2021\/06\/32-2048x1367.jpg 2048w\" sizes=\"auto, (max-width: 768px) 100vw, 768px\" alt=\"\" \t\tclass=\"so-widget-image\"\/>\n\t<\/div>\n\n<\/div><\/div><\/div><div id=\"pgc-1810-4-1\"  class=\"panel-grid-cell\" ><div id=\"panel-1810-4-1-0\" class=\"so-panel widget widget_sow-headline panel-first-child\" data-index=\"6\" ><div class=\"panel-widget-style panel-widget-style-for-1810-4-1-0\" ><div\n\t\t\t\n\t\t\tclass=\"so-widget-sow-headline so-widget-sow-headline-default-d68b9df49db8-1810\"\n\t\t\t\n\t\t><div class=\"sow-headline-container \">\n\t\t\t\t\t\t\t<p class=\"sow-sub-headline\">\n\t\t\t\t\t\tEnvie de vous d\u00e9tendre \u00e0 quelques pas de la mer, de la for\u00eat et de la r\u00e9serve de dunes\u00a0?<br \/><br \/>Ou pr\u00e9f\u00e9rez-vous des activit\u00e9s sportives comme le VTT, l'\u00e9quitation ou encore le surf ou le kite\u00a0?<br \/><br \/> Sortir avec les enfants ?<br \/><br \/>Plaisir gastronomique \u00e0 proximit\u00e9 ?\t\t\t\t\t\t<\/p>\n\t\t\t\t\t\t\t\t\t\t\t<div class=\"decoration\">\n\t\t\t\t\t\t<div class=\"decoration-inside\"><\/div>\n\t\t\t\t\t<\/div>\n\t\t\t\t\t\t\t\t\t\t\t<h1 class=\"sow-headline\">\n\t\t\t\t\t\tAlors vous \u00eates \u00e0 la bonne adresse de vacances \u00e0 Villa Sandettie!\t\t\t\t\t\t<\/h1>\n\t\t\t\t\t\t<\/div>\n<\/div><\/div><\/div><div id=\"panel-1810-4-1-1\" class=\"so-panel widget widget_sow-button panel-last-child\" data-index=\"7\" ><div class=\"panel-widget-style panel-widget-style-for-1810-4-1-1\" ><div\n\t\t\t\n\t\t\tclass=\"so-widget-sow-button so-widget-sow-button-wire-b42f0b79321a-1810\"\n\t\t\t\n\t\t><div class=\"ow-button-base ow-button-align-center\">\n\t\t\t<a\n\t\t\t\t\thref=\"https:\/\/villadepanne.be\/?page_id=1840&#038;lang=fr\"\n\t\t\t\t\tclass=\"sowb-button ow-icon-placement-left ow-button-hover\" \t>\n\t\t<span>\n\t\t\t\n\t\t\tPLUS D'INFO\t\t<\/span>\n\t\t\t<\/a>\n\t<\/div>\n<\/div><\/div><\/div><\/div><\/div><\/div><div id=\"pg-1810-5\"  class=\"panel-grid panel-has-style\" ><div id=\"tourguide\" class=\"panel-row-style panel-row-style-for-1810-5\" ><div id=\"pgc-1810-5-0\"  class=\"panel-grid-cell\" ><div id=\"panel-1810-5-0-0\" class=\"so-panel widget widget_sow-headline panel-first-child panel-last-child\" data-index=\"8\" ><div class=\"panel-widget-style panel-widget-style-for-1810-5-0-0\" ><div\n\t\t\t\n\t\t\tclass=\"so-widget-sow-headline so-widget-sow-headline-default-2b9bb42d34f5-1810\"\n\t\t\t\n\t\t><div class=\"sow-headline-container \">\n\t\t\t\t\t\t\t<h1 class=\"sow-headline\">\n\t\t\t\t\t\t<b>INSTALLATIONS<\/b>\t\t\t\t\t\t<\/h1>\n\t\t\t\t\t\t\t\t\t\t\t<div class=\"decoration\">\n\t\t\t\t\t\t<div class=\"decoration-inside\"><\/div>\n\t\t\t\t\t<\/div>\n\t\t\t\t\t<\/div>\n<\/div><\/div><\/div><\/div><\/div><\/div><div id=\"pg-1810-6\"  class=\"panel-grid panel-has-style\" ><div class=\"siteorigin-panels-stretch panel-row-style panel-row-style-for-1810-6\" id=\"newalbum\" data-stretch-type=\"full-stretched\" ><div id=\"pgc-1810-6-0\"  class=\"panel-grid-cell\" ><div id=\"panel-1810-6-0-0\" class=\"so-panel widget widget_sow-image panel-first-child\" data-index=\"9\" ><div\n\t\t\t\n\t\t\tclass=\"so-widget-sow-image so-widget-sow-image-default-113ccd71f3e6-1810\"\n\t\t\t\n\t\t>\n<h3 class=\"widget-title\"><span style=\"color:#32567c;font-family:PT Sans\">MAISON<\/span><\/h3>\n<div class=\"sow-image-container\">\n\t\t\t<a href=\"https:\/\/villadepanne.be\/?page_id=1840&#038;lang=fr\"\n\t\t\t\t\t>\n\t\t\t<img loading=\"lazy\" decoding=\"async\" src=\"https:\/\/villadepanne.be\/wp-content\/uploads\/2021\/06\/29-768x513.jpg\" width=\"768\" height=\"513\" srcset=\"https:\/\/villadepanne.be\/wp-content\/uploads\/2021\/06\/29-768x513.jpg 768w, https:\/\/villadepanne.be\/wp-content\/uploads\/2021\/06\/29-300x200.jpg 300w, https:\/\/villadepanne.be\/wp-content\/uploads\/2021\/06\/29-1024x684.jpg 1024w, https:\/\/villadepanne.be\/wp-content\/uploads\/2021\/06\/29-1536x1025.jpg 1536w, https:\/\/villadepanne.be\/wp-content\/uploads\/2021\/06\/29-2048x1367.jpg 2048w\" sizes=\"auto, (max-width: 768px) 100vw, 768px\" title=\"&lt;span style=&quot;color:#32567c;font-family:PT Sans&quot;&gt;MAISON&lt;\/span&gt;\" alt=\"Cliquez pour plus d&#039;informations\" \t\tclass=\"so-widget-image\"\/>\n\t<\/a><\/div>\n\n<\/div><\/div><div id=\"panel-1810-6-0-1\" class=\"so-panel widget widget_sow-button panel-last-child\" data-index=\"10\" ><div class=\"panel-widget-style panel-widget-style-for-1810-6-0-1\" ><div\n\t\t\t\n\t\t\tclass=\"so-widget-sow-button so-widget-sow-button-wire-606283cd7cc5-1810\"\n\t\t\t\n\t\t><div class=\"ow-button-base ow-button-align-center\">\n\t\t\t<a\n\t\t\t\t\thref=\"https:\/\/villadepanne.be\/?page_id=1840&#038;lang=fr\"\n\t\t\t\t\tclass=\"sowb-button ow-icon-placement-left ow-button-hover\" \t>\n\t\t<span>\n\t\t\t\n\t\t\tPLUS D'INFOS\t\t<\/span>\n\t\t\t<\/a>\n\t<\/div>\n<\/div><\/div><\/div><\/div><div id=\"pgc-1810-6-1\"  class=\"panel-grid-cell\" ><div id=\"panel-1810-6-1-0\" class=\"so-panel widget widget_sow-image panel-first-child\" data-index=\"11\" ><div\n\t\t\t\n\t\t\tclass=\"so-widget-sow-image so-widget-sow-image-default-113ccd71f3e6-1810\"\n\t\t\t\n\t\t>\n<h3 class=\"widget-title\"><span style=\"color:#32567c;font-family:PT Sans\">ALENTOURS<\/span><\/h3>\n<div class=\"sow-image-container\">\n\t\t\t<a href=\"https:\/\/villadepanne.be\/?page_id=1854&#038;lang=fr\"\n\t\t\t\t\t>\n\t\t\t<img loading=\"lazy\" decoding=\"async\" src=\"https:\/\/villadepanne.be\/wp-content\/uploads\/2021\/06\/omgeving-768x512.png\" width=\"768\" height=\"512\" srcset=\"https:\/\/villadepanne.be\/wp-content\/uploads\/2021\/06\/omgeving-768x512.png 768w, https:\/\/villadepanne.be\/wp-content\/uploads\/2021\/06\/omgeving-300x200.png 300w, https:\/\/villadepanne.be\/wp-content\/uploads\/2021\/06\/omgeving-1024x683.png 1024w, https:\/\/villadepanne.be\/wp-content\/uploads\/2021\/06\/omgeving.png 1187w\" sizes=\"auto, (max-width: 768px) 100vw, 768px\" title=\"&lt;span style=&quot;color:#32567c;font-family:PT Sans&quot;&gt;ALENTOURS&lt;\/span&gt;\" alt=\"Cliquez pour plus d&#039;informations\" \t\tclass=\"so-widget-image\"\/>\n\t<\/a><\/div>\n\n<\/div><\/div><div id=\"panel-1810-6-1-1\" class=\"so-panel widget widget_sow-button panel-last-child\" data-index=\"12\" ><div class=\"panel-widget-style panel-widget-style-for-1810-6-1-1\" ><div\n\t\t\t\n\t\t\tclass=\"so-widget-sow-button so-widget-sow-button-wire-606283cd7cc5-1810\"\n\t\t\t\n\t\t><div class=\"ow-button-base ow-button-align-center\">\n\t\t\t<a\n\t\t\t\t\thref=\"https:\/\/villadepanne.be\/?page_id=1854&#038;lang=fr\"\n\t\t\t\t\tclass=\"sowb-button ow-icon-placement-left ow-button-hover\" \t>\n\t\t<span>\n\t\t\t\n\t\t\tPLUS D'INFOS\t\t<\/span>\n\t\t\t<\/a>\n\t<\/div>\n<\/div><\/div><\/div><\/div><\/div><\/div><div id=\"pg-1810-7\"  class=\"panel-grid panel-has-style\" ><div class=\"siteorigin-panels-stretch panel-row-style panel-row-style-for-1810-7\" id=\"newalbum\" data-stretch-type=\"full-stretched\" ><div id=\"pgc-1810-7-0\"  class=\"panel-grid-cell\" ><div id=\"panel-1810-7-0-0\" class=\"so-panel widget widget_sow-headline panel-first-child\" data-index=\"13\" ><div class=\"panel-widget-style panel-widget-style-for-1810-7-0-0\" ><div\n\t\t\t\n\t\t\tclass=\"so-widget-sow-headline so-widget-sow-headline-default-1716ec68aee2-1810\"\n\t\t\t\n\t\t><div class=\"sow-headline-container \">\n\t\t\t\t\t\t\t<h1 class=\"sow-headline\">\n\t\t\t\t\t\tDe Panne et les environs\t\t\t\t\t\t<\/h1>\n\t\t\t\t\t\t\t\t\t\t\t\t<p class=\"sow-sub-headline\">\n\t\t\t\t\t\tDe Panne est la commune quatre saisons par excellence. Combinez la tranquillit\u00e9 de la nature avec les possibilit\u00e9s gastronomiques dans le centre agr\u00e9able, o\u00f9 vous pourrez \u00e9galement profiter de l\u2019atmosph\u00e8re de vacances en dehors de la haute saison. De Panne est renomm\u00e9e pour sa r\u00e9serve naturelle \u2018De Westhoek\u2019, ses pr\u00e9cieuses dunes fossiles, le bois Calmeyn et sa vaste plage. En outre, le Zeelaan r\u00e9nov\u00e9, le quartier Dumont historique et la digue avec un large \u00e9ventail de restaurants et de salons de th\u00e9 sont \u00e9galement des attractions populaires. Vous verrez que toute l\u2019ann\u00e9e il y a une foule atmosph\u00e9rique dans cette agr\u00e9able ville baln\u00e9aire.\t\t\t\t\t\t<\/p>\n\t\t\t\t\t\t<\/div>\n<\/div><\/div><\/div><div id=\"panel-1810-7-0-1\" class=\"so-panel widget widget_sow-button panel-last-child\" data-index=\"14\" ><div class=\"panel-widget-style panel-widget-style-for-1810-7-0-1\" ><div\n\t\t\t\n\t\t\tclass=\"so-widget-sow-button so-widget-sow-button-wire-b42f0b79321a-1810\"\n\t\t\t\n\t\t><div class=\"ow-button-base ow-button-align-center\">\n\t\t\t<a\n\t\t\t\t\thref=\"https:\/\/villadepanne.be\/?page_id=1854&#038;lang=fr\"\n\t\t\t\t\tclass=\"sowb-button ow-icon-placement-left ow-button-hover\" \t>\n\t\t<span>\n\t\t\t\n\t\t\tPLUS D'INFOS\t\t<\/span>\n\t\t\t<\/a>\n\t<\/div>\n<\/div><\/div><\/div><\/div><div id=\"pgc-1810-7-1\"  class=\"panel-grid-cell\" ><div id=\"panel-1810-7-1-0\" class=\"so-panel widget widget_sow-image panel-first-child panel-last-child\" data-index=\"15\" ><div\n\t\t\t\n\t\t\tclass=\"so-widget-sow-image so-widget-sow-image-default-8b5b6f678277-1810\"\n\t\t\t\n\t\t>\n\n<div class=\"sow-image-container\">\n\t\t<img loading=\"lazy\" decoding=\"async\" src=\"https:\/\/villadepanne.be\/wp-content\/uploads\/2021\/06\/shutterstock_472081543-768x512.jpg\" width=\"768\" height=\"512\" srcset=\"https:\/\/villadepanne.be\/wp-content\/uploads\/2021\/06\/shutterstock_472081543-768x512.jpg 768w, https:\/\/villadepanne.be\/wp-content\/uploads\/2021\/06\/shutterstock_472081543-300x200.jpg 300w, https:\/\/villadepanne.be\/wp-content\/uploads\/2021\/06\/shutterstock_472081543-1024x683.jpg 1024w, https:\/\/villadepanne.be\/wp-content\/uploads\/2021\/06\/shutterstock_472081543-1536x1024.jpg 1536w, https:\/\/villadepanne.be\/wp-content\/uploads\/2021\/06\/shutterstock_472081543-2048x1365.jpg 2048w\" sizes=\"auto, (max-width: 768px) 100vw, 768px\" title=\"Beach cabins at the North-sea, De Panne, Belgium\" alt=\"\" \t\tclass=\"so-widget-image\"\/>\n\t<\/div>\n\n<\/div><\/div><\/div><\/div><\/div><div id=\"pg-1810-8\"  class=\"panel-grid panel-has-style\" ><div class=\"panel-row-style panel-row-style-for-1810-8\" ><div id=\"pgc-1810-8-0\"  class=\"panel-grid-cell\" ><div id=\"panel-1810-8-0-0\" class=\"so-panel widget widget_sow-button panel-first-child panel-last-child\" data-index=\"16\" ><div class=\"panel-widget-style panel-widget-style-for-1810-8-0-0\" ><div\n\t\t\t\n\t\t\tclass=\"so-widget-sow-button so-widget-sow-button-wire-606283cd7cc5-1810\"\n\t\t\t\n\t\t><div class=\"ow-button-base ow-button-align-center\">\n\t\t\t<a\n\t\t\t\t\thref=\"https:\/\/villadepanne.be\/?page_id=1864&#038;lang=fr\"\n\t\t\t\t\tclass=\"sowb-button ow-icon-placement-left ow-button-hover\" \t>\n\t\t<span>\n\t\t\t\n\t\t\tRESERVE MAINTENANT\t\t<\/span>\n\t\t\t<\/a>\n\t<\/div>\n<\/div><\/div><\/div><\/div><\/div><\/div><\/div>","protected":false},"excerpt":{"rendered":"<p>NEDERLANDS FRAN\u00c7AIS VILLA SANDETTIE Villa c\u00f4ti\u00e8re r\u00e9nov\u00e9e situ\u00e9e \u00e0 De Panne \u00e0 distance de marche de la mer, le Calmeynbos et la r\u00e9serve naturelle des dunes RESERVE MAINTENANT Envie de vous d\u00e9tendre \u00e0 quelques pas de la mer, de la for\u00eat et de la r\u00e9serve de dunes\u00a0?Ou pr\u00e9f\u00e9rez-vous des activit\u00e9s sportives comme le VTT, l&#8217;\u00e9quitation&hellip;<\/p>\n","protected":false},"author":1,"featured_media":0,"parent":0,"menu_order":0,"comment_status":"closed","ping_status":"closed","template":"","meta":{"footnotes":""},"class_list":["post-1810","page","type-page","status-publish","hentry","post"],"yoast_head":"<!-- This site is optimized with the Yoast SEO plugin v24.0 - https:\/\/yoast.com\/wordpress\/plugins\/seo\/ -->\n<title>Acceuil - Villa De Panne<\/title>\n<meta name=\"robots\" content=\"index, follow, max-snippet:-1, max-image-preview:large, max-video-preview:-1\" \/>\n<link rel=\"canonical\" href=\"https:\/\/villadepanne.be\/?page_id=1810&lang=fr\" \/>\n<meta property=\"og:locale\" content=\"nl_BE\" \/>\n<meta property=\"og:type\" content=\"article\" \/>\n<meta property=\"og:title\" content=\"Acceuil - Villa De Panne\" \/>\n<meta property=\"og:description\" content=\"NEDERLANDS FRAN\u00c7AIS VILLA SANDETTIE Villa c\u00f4ti\u00e8re r\u00e9nov\u00e9e situ\u00e9e \u00e0 De Panne \u00e0 distance de marche de la mer, le Calmeynbos et la r\u00e9serve naturelle des dunes RESERVE MAINTENANT Envie de vous d\u00e9tendre \u00e0 quelques pas de la mer, de la for\u00eat et de la r\u00e9serve de dunes\u00a0?Ou pr\u00e9f\u00e9rez-vous des activit\u00e9s sportives comme le VTT, l&#039;\u00e9quitation&hellip;\" \/>\n<meta property=\"og:url\" content=\"https:\/\/villadepanne.be\/?page_id=1810&amp;lang=fr\" \/>\n<meta property=\"og:site_name\" content=\"Villa De Panne\" \/>\n<meta property=\"article:publisher\" content=\"https:\/\/www.facebook.com\/villadepanne\" \/>\n<meta property=\"og:image\" content=\"https:\/\/villadepanne.be\/wp-content\/uploads\/2021\/06\/32-1024x684.jpg\" \/>\n\t<meta property=\"og:image:width\" content=\"1024\" \/>\n\t<meta property=\"og:image:height\" content=\"684\" \/>\n\t<meta property=\"og:image:type\" content=\"image\/jpeg\" \/>\n<meta name=\"twitter:card\" content=\"summary_large_image\" \/>\n<meta name=\"twitter:label1\" content=\"Geschatte leestijd\" \/>\n\t<meta name=\"twitter:data1\" content=\"1 minuut\" \/>\n<script type=\"application\/ld+json\" class=\"yoast-schema-graph\">{\"@context\":\"https:\/\/schema.org\",\"@graph\":[{\"@type\":\"WebPage\",\"@id\":\"https:\/\/villadepanne.be\/?page_id=1810&lang=fr\",\"url\":\"https:\/\/villadepanne.be\/?page_id=1810&lang=fr\",\"name\":\"Acceuil - Villa De Panne\",\"isPartOf\":{\"@id\":\"https:\/\/villadepanne.be\/#website\"},\"datePublished\":\"2021-08-08T09:42:16+00:00\",\"dateModified\":\"2021-08-08T09:42:16+00:00\",\"breadcrumb\":{\"@id\":\"https:\/\/villadepanne.be\/?page_id=1810&lang=fr#breadcrumb\"},\"inLanguage\":\"nl-BE\",\"potentialAction\":[{\"@type\":\"ReadAction\",\"target\":[\"https:\/\/villadepanne.be\/?page_id=1810&lang=fr\"]}]},{\"@type\":\"BreadcrumbList\",\"@id\":\"https:\/\/villadepanne.be\/?page_id=1810&lang=fr#breadcrumb\",\"itemListElement\":[{\"@type\":\"ListItem\",\"position\":1,\"name\":\"Home\",\"item\":\"https:\/\/villadepanne.be\/\"},{\"@type\":\"ListItem\",\"position\":2,\"name\":\"Acceuil\"}]},{\"@type\":\"WebSite\",\"@id\":\"https:\/\/villadepanne.be\/#website\",\"url\":\"https:\/\/villadepanne.be\/\",\"name\":\"Villa De Panne\",\"description\":\"\",\"publisher\":{\"@id\":\"https:\/\/villadepanne.be\/#organization\"},\"alternateName\":\"Villa Sandettie\",\"potentialAction\":[{\"@type\":\"SearchAction\",\"target\":{\"@type\":\"EntryPoint\",\"urlTemplate\":\"https:\/\/villadepanne.be\/?s={search_term_string}\"},\"query-input\":{\"@type\":\"PropertyValueSpecification\",\"valueRequired\":true,\"valueName\":\"search_term_string\"}}],\"inLanguage\":\"nl-BE\"},{\"@type\":\"Organization\",\"@id\":\"https:\/\/villadepanne.be\/#organization\",\"name\":\"Villa De Panne\",\"alternateName\":\"Villa Sandettie\",\"url\":\"https:\/\/villadepanne.be\/\",\"logo\":{\"@type\":\"ImageObject\",\"inLanguage\":\"nl-BE\",\"@id\":\"https:\/\/villadepanne.be\/#\/schema\/logo\/image\/\",\"url\":\"https:\/\/villadepanne.be\/wp-content\/uploads\/2021\/06\/32-1024x684.jpg\",\"contentUrl\":\"https:\/\/villadepanne.be\/wp-content\/uploads\/2021\/06\/32-1024x684.jpg\",\"width\":1024,\"height\":684,\"caption\":\"Villa De Panne\"},\"image\":{\"@id\":\"https:\/\/villadepanne.be\/#\/schema\/logo\/image\/\"},\"sameAs\":[\"https:\/\/www.facebook.com\/villadepanne\"]}]}<\/script>\n<!-- \/ Yoast SEO plugin. -->","yoast_head_json":{"title":"Acceuil - Villa De Panne","robots":{"index":"index","follow":"follow","max-snippet":"max-snippet:-1","max-image-preview":"max-image-preview:large","max-video-preview":"max-video-preview:-1"},"canonical":"https:\/\/villadepanne.be\/?page_id=1810&lang=fr","og_locale":"nl_BE","og_type":"article","og_title":"Acceuil - Villa De Panne","og_description":"NEDERLANDS FRAN\u00c7AIS VILLA SANDETTIE Villa c\u00f4ti\u00e8re r\u00e9nov\u00e9e situ\u00e9e \u00e0 De Panne \u00e0 distance de marche de la mer, le Calmeynbos et la r\u00e9serve naturelle des dunes RESERVE MAINTENANT Envie de vous d\u00e9tendre \u00e0 quelques pas de la mer, de la for\u00eat et de la r\u00e9serve de dunes\u00a0?Ou pr\u00e9f\u00e9rez-vous des activit\u00e9s sportives comme le VTT, l'\u00e9quitation&hellip;","og_url":"https:\/\/villadepanne.be\/?page_id=1810&lang=fr","og_site_name":"Villa De Panne","article_publisher":"https:\/\/www.facebook.com\/villadepanne","og_image":[{"width":1024,"height":684,"url":"https:\/\/villadepanne.be\/wp-content\/uploads\/2021\/06\/32-1024x684.jpg","type":"image\/jpeg"}],"twitter_card":"summary_large_image","twitter_misc":{"Geschatte leestijd":"1 minuut"},"schema":{"@context":"https:\/\/schema.org","@graph":[{"@type":"WebPage","@id":"https:\/\/villadepanne.be\/?page_id=1810&lang=fr","url":"https:\/\/villadepanne.be\/?page_id=1810&lang=fr","name":"Acceuil - Villa De Panne","isPartOf":{"@id":"https:\/\/villadepanne.be\/#website"},"datePublished":"2021-08-08T09:42:16+00:00","dateModified":"2021-08-08T09:42:16+00:00","breadcrumb":{"@id":"https:\/\/villadepanne.be\/?page_id=1810&lang=fr#breadcrumb"},"inLanguage":"nl-BE","potentialAction":[{"@type":"ReadAction","target":["https:\/\/villadepanne.be\/?page_id=1810&lang=fr"]}]},{"@type":"BreadcrumbList","@id":"https:\/\/villadepanne.be\/?page_id=1810&lang=fr#breadcrumb","itemListElement":[{"@type":"ListItem","position":1,"name":"Home","item":"https:\/\/villadepanne.be\/"},{"@type":"ListItem","position":2,"name":"Acceuil"}]},{"@type":"WebSite","@id":"https:\/\/villadepanne.be\/#website","url":"https:\/\/villadepanne.be\/","name":"Villa De Panne","description":"","publisher":{"@id":"https:\/\/villadepanne.be\/#organization"},"alternateName":"Villa Sandettie","potentialAction":[{"@type":"SearchAction","target":{"@type":"EntryPoint","urlTemplate":"https:\/\/villadepanne.be\/?s={search_term_string}"},"query-input":{"@type":"PropertyValueSpecification","valueRequired":true,"valueName":"search_term_string"}}],"inLanguage":"nl-BE"},{"@type":"Organization","@id":"https:\/\/villadepanne.be\/#organization","name":"Villa De Panne","alternateName":"Villa Sandettie","url":"https:\/\/villadepanne.be\/","logo":{"@type":"ImageObject","inLanguage":"nl-BE","@id":"https:\/\/villadepanne.be\/#\/schema\/logo\/image\/","url":"https:\/\/villadepanne.be\/wp-content\/uploads\/2021\/06\/32-1024x684.jpg","contentUrl":"https:\/\/villadepanne.be\/wp-content\/uploads\/2021\/06\/32-1024x684.jpg","width":1024,"height":684,"caption":"Villa De Panne"},"image":{"@id":"https:\/\/villadepanne.be\/#\/schema\/logo\/image\/"},"sameAs":["https:\/\/www.facebook.com\/villadepanne"]}]}},"_links":{"self":[{"href":"https:\/\/villadepanne.be\/index.php?rest_route=\/wp\/v2\/pages\/1810","targetHints":{"allow":["GET"]}}],"collection":[{"href":"https:\/\/villadepanne.be\/index.php?rest_route=\/wp\/v2\/pages"}],"about":[{"href":"https:\/\/villadepanne.be\/index.php?rest_route=\/wp\/v2\/types\/page"}],"author":[{"embeddable":true,"href":"https:\/\/villadepanne.be\/index.php?rest_route=\/wp\/v2\/users\/1"}],"replies":[{"embeddable":true,"href":"https:\/\/villadepanne.be\/index.php?rest_route=%2Fwp%2Fv2%2Fcomments&post=1810"}],"version-history":[{"count":0,"href":"https:\/\/villadepanne.be\/index.php?rest_route=\/wp\/v2\/pages\/1810\/revisions"}],"wp:attachment":[{"href":"https:\/\/villadepanne.be\/index.php?rest_route=%2Fwp%2Fv2%2Fmedia&parent=1810"}],"curies":[{"name":"wp","href":"https:\/\/api.w.org\/{rel}","templated":true}]}}