{"id":1864,"date":"2021-08-08T12:25:11","date_gmt":"2021-08-08T12:25:11","guid":{"rendered":"https:\/\/villadepanne.be\/?page_id=1864"},"modified":"2024-09-26T10:20:07","modified_gmt":"2024-09-26T10:20:07","slug":"reservation","status":"publish","type":"page","link":"https:\/\/villadepanne.be\/?page_id=1864&lang=fr","title":{"rendered":"R\u00e9servation"},"content":{"rendered":"<div id=\"pl-1864\"  class=\"panel-layout\" ><div id=\"pg-1864-0\"  class=\"panel-grid panel-has-style\" ><div class=\"siteorigin-panels-stretch panel-row-style panel-row-style-for-1864-0\" data-stretch-type=\"full-width-stretch\" ><div id=\"pgc-1864-0-0\"  class=\"panel-grid-cell\" ><div id=\"panel-1864-0-0-0\" class=\"so-panel widget widget_sow-hero panel-first-child panel-last-child\" data-index=\"0\" ><div class=\"panel-widget-style panel-widget-style-for-1864-0-0-0\" ><div\n\t\t\t\n\t\t\tclass=\"so-widget-sow-hero so-widget-sow-hero-default-5a0ea7f21e8f-1864 so-widget-fittext-wrapper\"\n\t\t\t data-fit-text-compressor=\"0.85\"\n\t\t>\t\t\t\t<div class=\"sow-slider-base\" style=\"display: none\" tabindex=\"0\">\n\t\t\t\t\t<ul\n\t\t\t\t\tclass=\"sow-slider-images\"\n\t\t\t\t\tdata-settings=\"{&quot;pagination&quot;:true,&quot;speed&quot;:800,&quot;timeout&quot;:8000,&quot;paused&quot;:false,&quot;pause_on_hover&quot;:false,&quot;swipe&quot;:true,&quot;nav_always_show_desktop&quot;:&quot;&quot;,&quot;nav_always_show_mobile&quot;:&quot;&quot;,&quot;breakpoint&quot;:&quot;780px&quot;,&quot;unmute&quot;:false,&quot;anchor&quot;:null}\"\n\t\t\t\t\t\t\t\t\t\tdata-anchor-id=\"\"\n\t\t\t\t>\t\t<li class=\"sow-slider-image  sow-slider-image-cover\" style=\"visibility: visible;;background-color: #333333;background-image: url(https:\/\/villadepanne.be\/wp-content\/uploads\/2021\/06\/29.jpg)\" >\n\t\t\t\t\t<div class=\"sow-slider-image-container\">\n\t\t\t<div class=\"sow-slider-image-wrapper\">\n\t\t\t\t\t\t\t<\/div>\n\t\t<\/div>\n\t\t\t\t<\/li>\n\t\t<\/ul>\t\t\t\t<ol class=\"sow-slider-pagination\">\n\t\t\t\t\t\t\t\t\t\t\t<li><a href=\"#\" data-goto=\"0\" aria-label=\"toon slide 1\"><\/a><\/li>\n\t\t\t\t\t\t\t\t\t<\/ol>\n\n\t\t\t\t<div class=\"sow-slide-nav sow-slide-nav-next\">\n\t\t\t\t\t<a href=\"#\" data-goto=\"next\" aria-label=\"volgende slide\" data-action=\"next\">\n\t\t\t\t\t\t<em class=\"sow-sld-icon-thin-right\"><\/em>\n\t\t\t\t\t<\/a>\n\t\t\t\t<\/div>\n\n\t\t\t\t<div class=\"sow-slide-nav sow-slide-nav-prev\">\n\t\t\t\t\t<a href=\"#\" data-goto=\"previous\" aria-label=\"vorige slide\" data-action=\"prev\">\n\t\t\t\t\t\t<em class=\"sow-sld-icon-thin-left\"><\/em>\n\t\t\t\t\t<\/a>\n\t\t\t\t<\/div>\n\t\t\t\t<\/div><\/div><\/div><\/div><\/div><\/div><\/div><div id=\"pg-1864-1\"  class=\"panel-grid panel-has-style\" ><div class=\"siteorigin-panels-stretch panel-row-style panel-row-style-for-1864-1\" data-stretch-type=\"full-width-stretch\" ><div id=\"pgc-1864-1-0\"  class=\"panel-grid-cell panel-grid-cell-empty\" ><\/div><div id=\"pgc-1864-1-1\"  class=\"panel-grid-cell\" ><div id=\"panel-1864-1-1-0\" class=\"so-panel widget widget_sow-button panel-first-child panel-last-child\" data-index=\"1\" ><div class=\"panel-widget-style panel-widget-style-for-1864-1-1-0\" ><div\n\t\t\t\n\t\t\tclass=\"so-widget-sow-button so-widget-sow-button-flat-9622804b3eae-1864\"\n\t\t\t\n\t\t><div class=\"ow-button-base ow-button-align-right\">\n\t\t\t<a\n\t\t\t\t\thref=\"https:\/\/villadepanne.be\/?page_id=91\"\n\t\t\t\t\tclass=\"sowb-button ow-icon-placement-left ow-button-hover\" \t>\n\t\t<span>\n\t\t\t<div class=\"sow-icon-image\" style=\"background-image: url(https:\/\/villadepanne.be\/wp-content\/uploads\/2021\/08\/flag-square-250-1-150x150.png)\"><\/div>\n\t\t\tNEDERLANDS\t\t<\/span>\n\t\t\t<\/a>\n\t<\/div>\n<\/div><\/div><\/div><\/div><div id=\"pgc-1864-1-2\"  class=\"panel-grid-cell\" ><div id=\"panel-1864-1-2-0\" class=\"so-panel widget widget_sow-button panel-first-child panel-last-child\" data-index=\"2\" ><div class=\"panel-widget-style panel-widget-style-for-1864-1-2-0\" ><div\n\t\t\t\n\t\t\tclass=\"so-widget-sow-button so-widget-sow-button-flat-9622804b3eae-1864\"\n\t\t\t\n\t\t><div class=\"ow-button-base ow-button-align-right\">\n\t\t\t<a\n\t\t\t\t\thref=\"https:\/\/villadepanne.be\/?page_id=1864&#038;lang=fr\"\n\t\t\t\t\tclass=\"sowb-button ow-icon-placement-left ow-button-hover\" \t>\n\t\t<span>\n\t\t\t<div class=\"sow-icon-image\" style=\"background-image: url(https:\/\/villadepanne.be\/wp-content\/uploads\/2021\/08\/flag-square-251-1-150x150.png)\"><\/div>\n\t\t\tFRAN\u00c7AIS\t\t<\/span>\n\t\t\t<\/a>\n\t<\/div>\n<\/div><\/div><\/div><\/div><\/div><\/div><div id=\"pg-1864-2\"  class=\"panel-grid panel-has-style\" ><div class=\"panel-row-style panel-row-style-for-1864-2\" ><div id=\"pgc-1864-2-0\"  class=\"panel-grid-cell\" ><div id=\"panel-1864-2-0-0\" class=\"so-panel widget widget_sow-button panel-first-child panel-last-child\" data-index=\"3\" ><div class=\"panel-widget-style panel-widget-style-for-1864-2-0-0\" ><div\n\t\t\t\n\t\t\tclass=\"so-widget-sow-button so-widget-sow-button-wire-9076f48c2a00-1864\"\n\t\t\t\n\t\t><div class=\"ow-button-base ow-button-align-right\">\n\t\t\t<a\n\t\t\t\t\thref=\"https:\/\/villadepanne.be\/?page_id=1810&#038;lang=fr\"\n\t\t\t\t\tclass=\"sowb-button ow-icon-placement-left ow-button-hover\" \t>\n\t\t<span>\n\t\t\t<span class=\"sow-icon-fontawesome sow-fas\" data-sow-icon=\"&#xf015;\"\n\t\tstyle=\"color: #32567c\" \n\t\taria-hidden=\"true\"><\/span>\n\t\t\tAcceuil\t\t<\/span>\n\t\t\t<\/a>\n\t<\/div>\n<\/div><\/div><\/div><\/div><\/div><\/div><div id=\"pg-1864-3\"  class=\"panel-grid panel-has-style\" ><div class=\"panel-row-style panel-row-style-for-1864-3\" ><div id=\"pgc-1864-3-0\"  class=\"panel-grid-cell\" ><div id=\"panel-1864-3-0-0\" class=\"so-panel widget widget_sow-headline panel-first-child panel-last-child\" data-index=\"4\" ><div class=\"panel-widget-style panel-widget-style-for-1864-3-0-0\" ><div\n\t\t\t\n\t\t\tclass=\"so-widget-sow-headline so-widget-sow-headline-default-0d14a28829bb-1864\"\n\t\t\t\n\t\t><div class=\"sow-headline-container \">\n\t\t\t\t\t\t\t<h1 class=\"sow-headline\">\n\t\t\t\t\t\tR\u00e9servation\t\t\t\t\t\t<\/h1>\n\t\t\t\t\t\t\t\t\t\t\t\t<p class=\"sow-sub-headline\">\n\t\t\t\t\t\tRemplissez tous les d\u00e9tails ci-dessous et nous vous contacterons ou contactez-nous directement au <a href=\"tel:0032479576679\">+32 479 57 66 79<\/a> ou <a href=\"mailto:info@villadepanne.be\">info@villadepanne.be<\/a>.<br \/><br \/>\u00c0 droite, vous pouvez v\u00e9rifier la disponibilit\u00e9 actuelle.<br \/><br \/><b>Pendant les vacances scolaires, la location se fait uniquement du samedi au samedi avec un minimum de 7 nuits.<\/b><br \/><br \/><b>En dehors des vacances scolaires, il est \u00e9galement possible de louer pour les week-ends (du vendredi au lundi) ou en milieu de semaine (du lundi au jeudi).<\/b>\t\t\t\t\t\t<\/p>\n\t\t\t\t\t\t<\/div>\n<\/div><\/div><\/div><\/div><div id=\"pgc-1864-3-1\"  class=\"panel-grid-cell\" ><div id=\"panel-1864-3-1-0\" class=\"so-panel widget widget_lsow-button panel-first-child panel-last-child\" data-index=\"5\" ><div\n\t\t\t\n\t\t\tclass=\"so-widget-lsow-button so-widget-lsow-button-default-f816be130531-1864\"\n\t\t\t\n\t\t><a class= \"lsow-button  lsow-semitrans lsow-medium\" data-hover-color=\"#1e73be\" href=\"https:\/\/www.dunimmo.be\/location-vacances\/de-panne\/6856948\" target=&quot;_blank&quot;>Disponibilit\u00e9<\/a><\/div><\/div><\/div><\/div><\/div><div id=\"pg-1864-4\"  class=\"panel-grid panel-has-style\" ><div class=\"panel-row-style panel-row-style-for-1864-4\" ><div id=\"pgc-1864-4-0\"  class=\"panel-grid-cell\" ><div id=\"panel-1864-4-0-0\" class=\"so-panel widget widget_wpforms-widget wpforms-widget panel-first-child panel-last-child\" data-index=\"6\" ><div class=\"wpforms-container wpforms-container-full wpforms-render-modern\" id=\"wpforms-2080\"><form id=\"wpforms-form-2080\" class=\"wpforms-validate wpforms-form wpforms-ajax-form\" data-formid=\"2080\" method=\"post\" enctype=\"multipart\/form-data\" action=\"\/index.php?rest_route=%2Fwp%2Fv2%2Fpages%2F1864\" data-token=\"5c0fb9a7793f9680d0ed57ae23e8edc4\" data-token-time=\"1776520078\"><noscript class=\"wpforms-error-noscript\">Schakel JavaScript in je browser in om dit formulier in te vullen.<\/noscript><div class=\"wpforms-hidden\" id=\"wpforms-error-noscript\">Schakel JavaScript in je browser in om dit formulier in te vullen.<\/div><div class=\"wpforms-field-container\"><div id=\"wpforms-2080-field_1-container\" class=\"wpforms-field wpforms-field-text\" data-field-id=\"1\"><label class=\"wpforms-field-label\" for=\"wpforms-2080-field_1\">Votre nom <span class=\"wpforms-required-label\" aria-hidden=\"true\">*<\/span><\/label><input type=\"text\" id=\"wpforms-2080-field_1\" class=\"wpforms-field-medium wpforms-field-required\" name=\"wpforms[fields][1]\" aria-errormessage=\"wpforms-2080-field_1-error\" required><\/div><div id=\"wpforms-2080-field_2-container\" class=\"wpforms-field wpforms-field-text\" data-field-id=\"2\"><label class=\"wpforms-field-label\" for=\"wpforms-2080-field_2\">Votre adresse e-mail <span class=\"wpforms-required-label\" aria-hidden=\"true\">*<\/span><\/label><input type=\"text\" id=\"wpforms-2080-field_2\" class=\"wpforms-field-medium wpforms-field-required\" name=\"wpforms[fields][2]\" aria-errormessage=\"wpforms-2080-field_2-error\" required><\/div><div id=\"wpforms-2080-field_3-container\" class=\"wpforms-field wpforms-field-text\" data-field-id=\"3\"><label class=\"wpforms-field-label\" for=\"wpforms-2080-field_3\">Votre num\u00e9ro de t\u00e9l\u00e9phone <span class=\"wpforms-required-label\" aria-hidden=\"true\">*<\/span><\/label><input type=\"text\" id=\"wpforms-2080-field_3\" class=\"wpforms-field-medium wpforms-field-required\" name=\"wpforms[fields][3]\" aria-errormessage=\"wpforms-2080-field_3-error\" required><\/div><div id=\"wpforms-2080-field_4-container\" class=\"wpforms-field wpforms-field-textarea\" data-field-id=\"4\"><label class=\"wpforms-field-label\" for=\"wpforms-2080-field_4\">Votre p\u00e9riode qouhait\u00e9e (+ toutes questions suppl\u00e9mentaires) <span class=\"wpforms-required-label\" aria-hidden=\"true\">*<\/span><\/label><textarea id=\"wpforms-2080-field_4\" class=\"wpforms-field-medium wpforms-field-required\" name=\"wpforms[fields][4]\" aria-errormessage=\"wpforms-2080-field_4-error\" required><\/textarea><\/div><\/div><!-- .wpforms-field-container --><div class=\"wpforms-submit-container\" ><input type=\"hidden\" name=\"wpforms[id]\" value=\"2080\"><input type=\"hidden\" name=\"page_title\" value=\"\"><input type=\"hidden\" name=\"page_url\" value=\"https:\/\/villadepanne.be\/index.php?rest_route=%2Fwp%2Fv2%2Fpages%2F1864\"><button type=\"submit\" name=\"wpforms[submit]\" id=\"wpforms-submit-2080\" class=\"wpforms-submit\" data-alt-text=\"La demande est soumise\" data-submit-text=\"Soumettez votre demande\" aria-live=\"assertive\" value=\"wpforms-submit\">Soumettez votre demande<\/button><img loading=\"lazy\" decoding=\"async\" src=\"https:\/\/villadepanne.be\/wp-content\/plugins\/wpforms-lite\/assets\/images\/submit-spin.svg\" class=\"wpforms-submit-spinner\" style=\"display: none;\" width=\"26\" height=\"26\" alt=\"Aan het laden\"><\/div><\/form><\/div>  <!-- .wpforms-container --><\/div><\/div><\/div><\/div><div id=\"pg-1864-5\"  class=\"panel-grid panel-no-style\" ><div id=\"pgc-1864-5-0\"  class=\"panel-grid-cell\" ><div id=\"panel-1864-5-0-0\" class=\"widget_text so-panel widget widget_custom_html panel-first-child panel-last-child\" data-index=\"7\" ><h3 class=\"widget-title\">Des m\u00e9dias sociaux<\/h3><div class=\"textwidget custom-html-widget\"><iframe loading=\"lazy\" src=\"https:\/\/www.facebook.com\/plugins\/page.php?href=https%3A%2F%2Fwww.facebook.com%2Fvilladepanne&tabs=timeline&width=340&height=500&small_header=false&adapt_container_width=true&hide_cover=false&show_facepile=true&appId=857214481600419\" width=\"340\" height=\"500\" style=\"border:none;overflow:hidden\" scrolling=\"no\" frameborder=\"0\" allowfullscreen=\"true\" allow=\"autoplay; clipboard-write; encrypted-media; picture-in-picture; web-share\"><\/iframe><\/div><\/div><\/div><div id=\"pgc-1864-5-1\"  class=\"panel-grid-cell\" ><div id=\"panel-1864-5-1-0\" class=\"widget_text so-panel widget widget_custom_html panel-first-child panel-last-child\" data-index=\"8\" ><div class=\"textwidget custom-html-widget\"><a href=\"https:\/\/search.google.com\/local\/writereview?placeid=ChIJbxoTng6X3EcRuPAUGqlH4Dw\" title=\"Donnez-nous un avis 5 \u00e9toiles sur la page Google My Business de la Villa De Panne\"><img decoding=\"async\" src=\"https:\/\/i1.wp.com\/villadepanne.be\/wp-content\/uploads\/2021\/08\/google-reviews-logo.png?resize=768%2C384&ssl=1\" alt=\"Google recension\" width=\"300\" \/><\/a><\/div><\/div><\/div><\/div><\/div>","protected":false},"excerpt":{"rendered":"<p>NEDERLANDS FRAN\u00c7AIS Acceuil R\u00e9servation Remplissez tous les d\u00e9tails ci-dessous et nous vous contacterons ou contactez-nous directement au +32 479 57 66 79 ou info@villadepanne.be.\u00c0 droite, vous pouvez v\u00e9rifier la disponibilit\u00e9 actuelle.Pendant les vacances scolaires, la location se fait uniquement du samedi au samedi avec un minimum de 7 nuits.En dehors des vacances scolaires, il est&hellip;<\/p>\n","protected":false},"author":1,"featured_media":0,"parent":0,"menu_order":0,"comment_status":"closed","ping_status":"closed","template":"","meta":{"footnotes":""},"class_list":["post-1864","page","type-page","status-publish","hentry","post"],"yoast_head":"<!-- This site is optimized with the Yoast SEO plugin v24.0 - https:\/\/yoast.com\/wordpress\/plugins\/seo\/ -->\n<title>R\u00e9servation - Villa De Panne<\/title>\n<meta name=\"robots\" content=\"index, follow, max-snippet:-1, max-image-preview:large, max-video-preview:-1\" \/>\n<link rel=\"canonical\" href=\"https:\/\/villadepanne.be\/?page_id=1864&lang=fr\" \/>\n<meta property=\"og:locale\" content=\"nl_BE\" \/>\n<meta property=\"og:type\" content=\"article\" \/>\n<meta property=\"og:title\" content=\"R\u00e9servation - Villa De Panne\" \/>\n<meta property=\"og:description\" content=\"NEDERLANDS FRAN\u00c7AIS Acceuil R\u00e9servation Remplissez tous les d\u00e9tails ci-dessous et nous vous contacterons ou contactez-nous directement au +32 479 57 66 79 ou info@villadepanne.be.\u00c0 droite, vous pouvez v\u00e9rifier la disponibilit\u00e9 actuelle.Pendant les vacances scolaires, la location se fait uniquement du samedi au samedi avec un minimum de 7 nuits.En dehors des vacances scolaires, il est&hellip;\" \/>\n<meta property=\"og:url\" content=\"https:\/\/villadepanne.be\/?page_id=1864&amp;lang=fr\" \/>\n<meta property=\"og:site_name\" content=\"Villa De Panne\" \/>\n<meta property=\"article:publisher\" content=\"https:\/\/www.facebook.com\/villadepanne\" \/>\n<meta property=\"article:modified_time\" content=\"2024-09-26T10:20:07+00:00\" \/>\n<meta property=\"og:image\" content=\"https:\/\/villadepanne.be\/wp-content\/uploads\/2021\/06\/32-1024x684.jpg\" \/>\n\t<meta property=\"og:image:width\" content=\"1024\" \/>\n\t<meta property=\"og:image:height\" content=\"684\" \/>\n\t<meta property=\"og:image:type\" content=\"image\/jpeg\" \/>\n<meta name=\"twitter:card\" content=\"summary_large_image\" \/>\n<meta name=\"twitter:label1\" content=\"Geschatte leestijd\" \/>\n\t<meta name=\"twitter:data1\" content=\"2 minuten\" \/>\n<script type=\"application\/ld+json\" class=\"yoast-schema-graph\">{\"@context\":\"https:\/\/schema.org\",\"@graph\":[{\"@type\":\"WebPage\",\"@id\":\"https:\/\/villadepanne.be\/?page_id=1864&lang=fr\",\"url\":\"https:\/\/villadepanne.be\/?page_id=1864&lang=fr\",\"name\":\"R\u00e9servation - Villa De Panne\",\"isPartOf\":{\"@id\":\"https:\/\/villadepanne.be\/#website\"},\"datePublished\":\"2021-08-08T12:25:11+00:00\",\"dateModified\":\"2024-09-26T10:20:07+00:00\",\"breadcrumb\":{\"@id\":\"https:\/\/villadepanne.be\/?page_id=1864&lang=fr#breadcrumb\"},\"inLanguage\":\"nl-BE\",\"potentialAction\":[{\"@type\":\"ReadAction\",\"target\":[\"https:\/\/villadepanne.be\/?page_id=1864&lang=fr\"]}]},{\"@type\":\"BreadcrumbList\",\"@id\":\"https:\/\/villadepanne.be\/?page_id=1864&lang=fr#breadcrumb\",\"itemListElement\":[{\"@type\":\"ListItem\",\"position\":1,\"name\":\"Home\",\"item\":\"https:\/\/villadepanne.be\/\"},{\"@type\":\"ListItem\",\"position\":2,\"name\":\"R\u00e9servation\"}]},{\"@type\":\"WebSite\",\"@id\":\"https:\/\/villadepanne.be\/#website\",\"url\":\"https:\/\/villadepanne.be\/\",\"name\":\"Villa De Panne\",\"description\":\"\",\"publisher\":{\"@id\":\"https:\/\/villadepanne.be\/#organization\"},\"alternateName\":\"Villa Sandettie\",\"potentialAction\":[{\"@type\":\"SearchAction\",\"target\":{\"@type\":\"EntryPoint\",\"urlTemplate\":\"https:\/\/villadepanne.be\/?s={search_term_string}\"},\"query-input\":{\"@type\":\"PropertyValueSpecification\",\"valueRequired\":true,\"valueName\":\"search_term_string\"}}],\"inLanguage\":\"nl-BE\"},{\"@type\":\"Organization\",\"@id\":\"https:\/\/villadepanne.be\/#organization\",\"name\":\"Villa De Panne\",\"alternateName\":\"Villa Sandettie\",\"url\":\"https:\/\/villadepanne.be\/\",\"logo\":{\"@type\":\"ImageObject\",\"inLanguage\":\"nl-BE\",\"@id\":\"https:\/\/villadepanne.be\/#\/schema\/logo\/image\/\",\"url\":\"https:\/\/villadepanne.be\/wp-content\/uploads\/2021\/06\/32-1024x684.jpg\",\"contentUrl\":\"https:\/\/villadepanne.be\/wp-content\/uploads\/2021\/06\/32-1024x684.jpg\",\"width\":1024,\"height\":684,\"caption\":\"Villa De Panne\"},\"image\":{\"@id\":\"https:\/\/villadepanne.be\/#\/schema\/logo\/image\/\"},\"sameAs\":[\"https:\/\/www.facebook.com\/villadepanne\"]}]}<\/script>\n<!-- \/ Yoast SEO plugin. -->","yoast_head_json":{"title":"R\u00e9servation - Villa De Panne","robots":{"index":"index","follow":"follow","max-snippet":"max-snippet:-1","max-image-preview":"max-image-preview:large","max-video-preview":"max-video-preview:-1"},"canonical":"https:\/\/villadepanne.be\/?page_id=1864&lang=fr","og_locale":"nl_BE","og_type":"article","og_title":"R\u00e9servation - Villa De Panne","og_description":"NEDERLANDS FRAN\u00c7AIS Acceuil R\u00e9servation Remplissez tous les d\u00e9tails ci-dessous et nous vous contacterons ou contactez-nous directement au +32 479 57 66 79 ou info@villadepanne.be.\u00c0 droite, vous pouvez v\u00e9rifier la disponibilit\u00e9 actuelle.Pendant les vacances scolaires, la location se fait uniquement du samedi au samedi avec un minimum de 7 nuits.En dehors des vacances scolaires, il est&hellip;","og_url":"https:\/\/villadepanne.be\/?page_id=1864&lang=fr","og_site_name":"Villa De Panne","article_publisher":"https:\/\/www.facebook.com\/villadepanne","article_modified_time":"2024-09-26T10:20:07+00:00","og_image":[{"width":1024,"height":684,"url":"https:\/\/villadepanne.be\/wp-content\/uploads\/2021\/06\/32-1024x684.jpg","type":"image\/jpeg"}],"twitter_card":"summary_large_image","twitter_misc":{"Geschatte leestijd":"2 minuten"},"schema":{"@context":"https:\/\/schema.org","@graph":[{"@type":"WebPage","@id":"https:\/\/villadepanne.be\/?page_id=1864&lang=fr","url":"https:\/\/villadepanne.be\/?page_id=1864&lang=fr","name":"R\u00e9servation - Villa De Panne","isPartOf":{"@id":"https:\/\/villadepanne.be\/#website"},"datePublished":"2021-08-08T12:25:11+00:00","dateModified":"2024-09-26T10:20:07+00:00","breadcrumb":{"@id":"https:\/\/villadepanne.be\/?page_id=1864&lang=fr#breadcrumb"},"inLanguage":"nl-BE","potentialAction":[{"@type":"ReadAction","target":["https:\/\/villadepanne.be\/?page_id=1864&lang=fr"]}]},{"@type":"BreadcrumbList","@id":"https:\/\/villadepanne.be\/?page_id=1864&lang=fr#breadcrumb","itemListElement":[{"@type":"ListItem","position":1,"name":"Home","item":"https:\/\/villadepanne.be\/"},{"@type":"ListItem","position":2,"name":"R\u00e9servation"}]},{"@type":"WebSite","@id":"https:\/\/villadepanne.be\/#website","url":"https:\/\/villadepanne.be\/","name":"Villa De Panne","description":"","publisher":{"@id":"https:\/\/villadepanne.be\/#organization"},"alternateName":"Villa Sandettie","potentialAction":[{"@type":"SearchAction","target":{"@type":"EntryPoint","urlTemplate":"https:\/\/villadepanne.be\/?s={search_term_string}"},"query-input":{"@type":"PropertyValueSpecification","valueRequired":true,"valueName":"search_term_string"}}],"inLanguage":"nl-BE"},{"@type":"Organization","@id":"https:\/\/villadepanne.be\/#organization","name":"Villa De Panne","alternateName":"Villa Sandettie","url":"https:\/\/villadepanne.be\/","logo":{"@type":"ImageObject","inLanguage":"nl-BE","@id":"https:\/\/villadepanne.be\/#\/schema\/logo\/image\/","url":"https:\/\/villadepanne.be\/wp-content\/uploads\/2021\/06\/32-1024x684.jpg","contentUrl":"https:\/\/villadepanne.be\/wp-content\/uploads\/2021\/06\/32-1024x684.jpg","width":1024,"height":684,"caption":"Villa De Panne"},"image":{"@id":"https:\/\/villadepanne.be\/#\/schema\/logo\/image\/"},"sameAs":["https:\/\/www.facebook.com\/villadepanne"]}]}},"_links":{"self":[{"href":"https:\/\/villadepanne.be\/index.php?rest_route=\/wp\/v2\/pages\/1864","targetHints":{"allow":["GET"]}}],"collection":[{"href":"https:\/\/villadepanne.be\/index.php?rest_route=\/wp\/v2\/pages"}],"about":[{"href":"https:\/\/villadepanne.be\/index.php?rest_route=\/wp\/v2\/types\/page"}],"author":[{"embeddable":true,"href":"https:\/\/villadepanne.be\/index.php?rest_route=\/wp\/v2\/users\/1"}],"replies":[{"embeddable":true,"href":"https:\/\/villadepanne.be\/index.php?rest_route=%2Fwp%2Fv2%2Fcomments&post=1864"}],"version-history":[{"count":7,"href":"https:\/\/villadepanne.be\/index.php?rest_route=\/wp\/v2\/pages\/1864\/revisions"}],"predecessor-version":[{"id":2109,"href":"https:\/\/villadepanne.be\/index.php?rest_route=\/wp\/v2\/pages\/1864\/revisions\/2109"}],"wp:attachment":[{"href":"https:\/\/villadepanne.be\/index.php?rest_route=%2Fwp%2Fv2%2Fmedia&parent=1864"}],"curies":[{"name":"wp","href":"https:\/\/api.w.org\/{rel}","templated":true}]}}